{"id":192,"date":"2025-10-20T19:01:31","date_gmt":"2025-10-20T22:01:31","guid":{"rendered":"https:\/\/sagers.com.br\/?page_id=192"},"modified":"2025-10-21T14:45:15","modified_gmt":"2025-10-21T17:45:15","slug":"quem-somos","status":"publish","type":"page","link":"https:\/\/sagers.com.br\/index.php\/quem-somos\/","title":{"rendered":"Quem somos"},"content":{"rendered":"\n<p class=\"has-text-align-center\">O Sindicato dos Auxiliares de Administra\u00e7\u00e3o de Armaz\u00e9ns Gerais no Estado do Rio Grande do Sul \u2013 SAGERS nasceu na d\u00e9cada de 1980, fruto da mobiliza\u00e7\u00e3o dos funcion\u00e1rios da CESA \u2013 Companhia Estadual Silos e Armaz\u00e9ns, que a \u00e9poca formaram a Associa\u00e7\u00e3o dos Funcion\u00e1rios da CESA.<\/p>\n\n\n<div class=\"wp-block-image\">\n<figure class=\"aligncenter size-full is-resized\"><img loading=\"lazy\" decoding=\"async\" width=\"1024\" height=\"641\" src=\"https:\/\/sagers.com.br\/wp-content\/uploads\/2025\/10\/CESA-SEDE.jpg\" alt=\"\" class=\"wp-image-209\" style=\"width:288px;height:auto\" srcset=\"https:\/\/sagers.com.br\/wp-content\/uploads\/2025\/10\/CESA-SEDE.jpg 1024w, https:\/\/sagers.com.br\/wp-content\/uploads\/2025\/10\/CESA-SEDE-300x188.jpg 300w, https:\/\/sagers.com.br\/wp-content\/uploads\/2025\/10\/CESA-SEDE-768x481.jpg 768w\" sizes=\"auto, (max-width: 1024px) 100vw, 1024px\" \/><\/figure>\n<\/div>\n\n\n<p class=\"has-text-align-center\">J\u00e1 em 29 de junho de 1987 , atrav\u00e9s da ent\u00e3o Delegacia Regional do Trabalho \u2013 DRT\/RS do Minist\u00e9rio do Trabalho, foi concedido o Certificado de Registro de Associa\u00e7\u00e3o Profissional, passando a se chamar Associa\u00e7\u00e3o Profissional dos Auxiliares de Administra\u00e7\u00e3o de Armaz\u00e9ns Gerais no Estado do Rio Grande do Sul \u2013 APAGERS.<\/p>\n\n\n\n<p class=\"has-text-align-center\">Em 21 de abril de 1988 foi homologado pelo Minist\u00e9rio do Trabalho o Estatuto e reconhecido como SINDICATO, sob a denomina\u00e7\u00e3o de  SINDICATO  DOS  AUXILIARES  DE  ADMINISTRA\u00c7\u00c3O  DE  ARMAZ\u00c9NS  GERAIS  NO  ESTADO  DO RIO GRANDE DO SUL, como sindicato representativo da categoria profissional de AUXILIARES DE ADMINISTRA\u00c7\u00c3O DE ARMAZ\u00c9NS GERAIS.<\/p>\n\n\n<div class=\"wp-block-image\">\n<figure class=\"aligncenter size-full is-resized\"><img loading=\"lazy\" decoding=\"async\" width=\"1024\" height=\"640\" src=\"https:\/\/sagers.com.br\/wp-content\/uploads\/2025\/10\/CESA-GARIBALDI.jpg\" alt=\"\" class=\"wp-image-208\" style=\"width:277px;height:auto\" srcset=\"https:\/\/sagers.com.br\/wp-content\/uploads\/2025\/10\/CESA-GARIBALDI.jpg 1024w, https:\/\/sagers.com.br\/wp-content\/uploads\/2025\/10\/CESA-GARIBALDI-300x188.jpg 300w, https:\/\/sagers.com.br\/wp-content\/uploads\/2025\/10\/CESA-GARIBALDI-768x480.jpg 768w\" sizes=\"auto, (max-width: 1024px) 100vw, 1024px\" \/><\/figure>\n<\/div>\n\n\n<p class=\"has-text-align-center\"><strong>MEMBROS DA DIRETORIA ELEITOS &#8211; 2024\/2029<\/strong><\/p>\n\n\n\n<p class=\"has-text-align-center\"><br><strong>Lourival Pereira<\/strong> &#8211; Presidente<br><strong>Gilberto Ronc\u00e1lio<\/strong> &#8211; Vice-Presidente<br><strong>Jos\u00e9 Am\u00e9rico dos Santos Messchmidt<\/strong> &#8211; Secret\u00e1rio Geral<br><strong>Luiz Flor\u00eancio Castilhos Albano<\/strong> &#8211; Diretor Financeiro<br><strong>Jos\u00e9 Carlos Lodi<\/strong> &#8211; Diretor de Forma\u00e7\u00e3o Sindical<br><strong>Gerson Luiz Junqueira<\/strong> &#8211; Diretor Divulga\u00e7\u00e3o<br><strong>Lea Maria Chaves Linhares<\/strong> &#8211; Suplente Diretoria<br><strong>Jair Duarte Gon\u00e7alves<\/strong> &#8211; Diretor para Assuntos Funcionais<br><strong>Jos\u00e9 Ronildo Pacheco da Silva<\/strong> &#8211; Suplente Diretoria<br><strong>Lu\u00eds Jamur da R. Teixeira<\/strong> &#8211; Suplente Diretoria<br><strong>Cilon Rosado Jardim<\/strong> &#8211; Suplente Diretoria<br><strong>Jorge Amaro Souza de Souza<\/strong> &#8211; Suplente Diretoria<br><strong>Nelci Jos\u00e9 Locateli<\/strong> &#8211; Suplente Diretoria<\/p>\n\n\n\n<p class=\"has-text-align-center\"><br><strong>Roberto Cassales Barros<\/strong> &#8211; Titular Conselho Fiscal<br><strong>Vanderlei Farias Pessoa<\/strong> &#8211; Titular Conselho Fiscal<br><strong>Maur\u00edcio Silveira Bittencourt<\/strong> &#8211; Titular Conselho Fiscal<br><strong>M\u00e1rio Ubiratan Leites Pereira<\/strong> &#8211; Suplente Conselho Fiscal<br><strong>Adroaldo Cleto Galeazzi <\/strong>&#8211; Suplente Conselho Fiscal<br><strong>Silvio Terra de Oliveira<\/strong> &#8211; Suplente Conselho Fiscal<\/p>\n\n\n\n<p class=\"has-text-align-center\"><strong><br>Josu\u00e9 Otero da Silva<\/strong> &#8211; Delegado<br><strong>Carlos A. G. da Silveira<\/strong> &#8211; Delegado<br><strong>M\u00e1rio Juliano Flores<\/strong> &#8211; Delegado<\/p>\n\n\n\n<figure class=\"wp-block-image size-large\"><img loading=\"lazy\" decoding=\"async\" width=\"1024\" height=\"512\" src=\"https:\/\/sagers.com.br\/wp-content\/uploads\/2025\/10\/Empregado-armazem-2-1024x512.jpg\" alt=\"\" class=\"wp-image-26\" srcset=\"https:\/\/sagers.com.br\/wp-content\/uploads\/2025\/10\/Empregado-armazem-2-1024x512.jpg 1024w, https:\/\/sagers.com.br\/wp-content\/uploads\/2025\/10\/Empregado-armazem-2-300x150.jpg 300w, https:\/\/sagers.com.br\/wp-content\/uploads\/2025\/10\/Empregado-armazem-2-768x384.jpg 768w, https:\/\/sagers.com.br\/wp-content\/uploads\/2025\/10\/Empregado-armazem-2-1536x768.jpg 1536w, https:\/\/sagers.com.br\/wp-content\/uploads\/2025\/10\/Empregado-armazem-2.jpg 2048w\" sizes=\"auto, (max-width: 1024px) 100vw, 1024px\" \/><\/figure>\n","protected":false},"excerpt":{"rendered":"<p>O Sindicato dos Auxiliares de Administra\u00e7\u00e3o de Armaz\u00e9ns Gerais no Estado do Rio Grande do Sul \u2013 SAGERS nasceu na d\u00e9cada de 1980, fruto da mobiliza\u00e7\u00e3o dos funcion\u00e1rios da CESA \u2013 Companhia Estadual Silos e Armaz\u00e9ns, que a \u00e9poca formaram a Associa\u00e7\u00e3o dos Funcion\u00e1rios da CESA. J\u00e1 em 29 de junho de 1987 , atrav\u00e9s <a class=\"read-more\" href=\"https:\/\/sagers.com.br\/index.php\/quem-somos\/\">Read More<\/a><\/p>\n","protected":false},"author":1,"featured_media":0,"parent":0,"menu_order":0,"comment_status":"closed","ping_status":"closed","template":"","meta":{"footnotes":""},"class_list":["post-192","page","type-page","status-publish","hentry"],"_links":{"self":[{"href":"https:\/\/sagers.com.br\/index.php\/wp-json\/wp\/v2\/pages\/192","targetHints":{"allow":["GET"]}}],"collection":[{"href":"https:\/\/sagers.com.br\/index.php\/wp-json\/wp\/v2\/pages"}],"about":[{"href":"https:\/\/sagers.com.br\/index.php\/wp-json\/wp\/v2\/types\/page"}],"author":[{"embeddable":true,"href":"https:\/\/sagers.com.br\/index.php\/wp-json\/wp\/v2\/users\/1"}],"replies":[{"embeddable":true,"href":"https:\/\/sagers.com.br\/index.php\/wp-json\/wp\/v2\/comments?post=192"}],"version-history":[{"count":10,"href":"https:\/\/sagers.com.br\/index.php\/wp-json\/wp\/v2\/pages\/192\/revisions"}],"predecessor-version":[{"id":210,"href":"https:\/\/sagers.com.br\/index.php\/wp-json\/wp\/v2\/pages\/192\/revisions\/210"}],"wp:attachment":[{"href":"https:\/\/sagers.com.br\/index.php\/wp-json\/wp\/v2\/media?parent=192"}],"curies":[{"name":"wp","href":"https:\/\/api.w.org\/{rel}","templated":true}]}}