{"id":45,"date":"2025-10-15T14:38:00","date_gmt":"2025-10-15T17:38:00","guid":{"rendered":"https:\/\/sagers.com.br\/?page_id=45"},"modified":"2026-01-11T19:18:57","modified_gmt":"2026-01-11T22:18:57","slug":"bem-vindo-ao-sagers","status":"publish","type":"page","link":"https:\/\/sagers.com.br\/","title":{"rendered":"Bem vindo ao SAGERS"},"content":{"rendered":"\n<p class=\"has-text-align-center\"><strong>O SAGERS possui abrang\u00eancia em todo o Estado do Rio Grande do Sul.<\/strong><\/p>\n\n\n\n<p class=\"has-text-align-center\"><\/p>\n\n\n\n<h1 class=\"wp-block-heading has-text-align-center\"><\/h1>\n\n\n\n<figure class=\"wp-block-image size-large\"><img loading=\"lazy\" decoding=\"async\" width=\"1024\" height=\"736\" src=\"https:\/\/sagers.com.br\/wp-content\/uploads\/2025\/10\/Mapa-RS-capa-scaled-1-1024x736.jpg\" alt=\"\" class=\"wp-image-37\" srcset=\"https:\/\/sagers.com.br\/wp-content\/uploads\/2025\/10\/Mapa-RS-capa-scaled-1-1024x736.jpg 1024w, https:\/\/sagers.com.br\/wp-content\/uploads\/2025\/10\/Mapa-RS-capa-scaled-1-300x216.jpg 300w, https:\/\/sagers.com.br\/wp-content\/uploads\/2025\/10\/Mapa-RS-capa-scaled-1-768x552.jpg 768w, https:\/\/sagers.com.br\/wp-content\/uploads\/2025\/10\/Mapa-RS-capa-scaled-1-1536x1104.jpg 1536w, https:\/\/sagers.com.br\/wp-content\/uploads\/2025\/10\/Mapa-RS-capa-scaled-1-2048x1472.jpg 2048w\" sizes=\"auto, (max-width: 1024px) 100vw, 1024px\" \/><\/figure>\n\n\n\n<p><\/p>\n\n\n\n<p><\/p>\n\n\n\n<p><\/p>\n\n\n\n<p><\/p>\n\n\n\n<p><\/p>\n\n\n\n<p class=\"has-text-align-center\"><mark style=\"background-color:rgba(0, 0, 0, 0)\" class=\"has-inline-color has-vivid-green-cyan-color\"><strong>Sal\u00e1rio M\u00ednimo: R$ 1.621,00  &#8211;<\/strong><\/mark>  <strong><mark style=\"background-color:rgba(0, 0, 0, 0)\" class=\"has-inline-color has-vivid-red-color\">Piso da categoria:\u00a0 R$ 1.871,75<\/mark><\/strong><\/p>\n\n\n\n<p><\/p>\n\n\n\n<p><\/p>\n\n\n\n<p><\/p>\n\n\n\n<p><\/p>\n\n\n\n<p><\/p>\n\n\n\n<p><\/p>\n\n\n\n<p><\/p>\n\n\n\n<p><\/p>\n\n\n\n<p class=\"has-text-align-center\"><strong><mark style=\"background-color:rgba(0, 0, 0, 0)\" class=\"has-inline-color has-vivid-cyan-blue-color\">CONTATO:<\/mark><\/strong><\/p>\n\n\n\n<p class=\"has-text-align-center\"><strong>Telefones: (51) 3217.4652  &#8211;  (51) 3217.5241<\/strong><\/p>\n\n\n\n<p class=\"has-text-align-center\"><strong>e-mail:  sindicatosagers@gmail.com<\/strong><\/p>\n\n\n\n<p><\/p>\n\n\n\n<p class=\"has-text-align-center\"><strong><mark style=\"background-color:rgba(0, 0, 0, 0)\" class=\"has-inline-color has-vivid-cyan-blue-color\">ENDERE\u00c7O:<\/mark><\/strong><\/p>\n\n\n\n<p class=\"has-text-align-center\"><strong>Rua Damasco, 188<\/strong><\/p>\n\n\n\n<p class=\"has-text-align-center\"><strong>Bairro Azenha &#8211; Porto Alegre &#8211; RS<\/strong><\/p>\n\n\n\n<p class=\"has-text-align-center\"><strong>CEP  90160-010<\/strong><\/p>\n\n\n\n<iframe src=\"https:\/\/www.google.com\/maps\/embed?pb=!1m18!1m12!1m3!1d3453.286759292921!2d-51.2185061901042!3d-30.057313731766403!2m3!1f0!2f0!3f0!3m2!1i1024!2i768!4f13.1!3m3!1m2!1s0x951978674af116b5%3A0xaf2ee3f7febd77a9!2sR.%20Damasco%2C%20188%20-%20Azenha%2C%20Porto%20Alegre%20-%20RS%2C%2090160-010!5e0!3m2!1spt-BR!2sbr!4v1761161837684!5m2!1spt-BR!2sbr\" width=\"1000\" height=\"600\" style=\"border:0;\" allowfullscreen=\"\" loading=\"lazy\" referrerpolicy=\"no-referrer-when-downgrade\"><\/iframe>\n\n\n\n<p><\/p>\n","protected":false},"excerpt":{"rendered":"<p>O SAGERS possui abrang\u00eancia em todo o Estado do Rio Grande do Sul. Sal\u00e1rio M\u00ednimo: R$ 1.621,00 &#8211; Piso da categoria:\u00a0 R$ 1.871,75 CONTATO: Telefones: (51) 3217.4652 &#8211; (51) 3217.5241 e-mail: sindicatosagers@gmail.com ENDERE\u00c7O: Rua Damasco, 188 Bairro Azenha &#8211; Porto Alegre &#8211; RS CEP 90160-010<\/p>\n","protected":false},"author":1,"featured_media":0,"parent":0,"menu_order":0,"comment_status":"closed","ping_status":"closed","template":"","meta":{"footnotes":""},"class_list":["post-45","page","type-page","status-publish","hentry"],"_links":{"self":[{"href":"https:\/\/sagers.com.br\/index.php\/wp-json\/wp\/v2\/pages\/45","targetHints":{"allow":["GET"]}}],"collection":[{"href":"https:\/\/sagers.com.br\/index.php\/wp-json\/wp\/v2\/pages"}],"about":[{"href":"https:\/\/sagers.com.br\/index.php\/wp-json\/wp\/v2\/types\/page"}],"author":[{"embeddable":true,"href":"https:\/\/sagers.com.br\/index.php\/wp-json\/wp\/v2\/users\/1"}],"replies":[{"embeddable":true,"href":"https:\/\/sagers.com.br\/index.php\/wp-json\/wp\/v2\/comments?post=45"}],"version-history":[{"count":27,"href":"https:\/\/sagers.com.br\/index.php\/wp-json\/wp\/v2\/pages\/45\/revisions"}],"predecessor-version":[{"id":314,"href":"https:\/\/sagers.com.br\/index.php\/wp-json\/wp\/v2\/pages\/45\/revisions\/314"}],"wp:attachment":[{"href":"https:\/\/sagers.com.br\/index.php\/wp-json\/wp\/v2\/media?parent=45"}],"curies":[{"name":"wp","href":"https:\/\/api.w.org\/{rel}","templated":true}]}}