{"id":51,"date":"2025-10-15T15:04:23","date_gmt":"2025-10-15T18:04:23","guid":{"rendered":"https:\/\/sagers.com.br\/?page_id=51"},"modified":"2025-10-28T17:14:26","modified_gmt":"2025-10-28T20:14:26","slug":"convencoes","status":"publish","type":"page","link":"https:\/\/sagers.com.br\/index.php\/convencoes\/","title":{"rendered":"CONVEN\u00c7\u00d5ES"},"content":{"rendered":"\n<p><\/p>\n\n\n\n<p>Veja aqui as  <strong>CONVEN\u00c7\u00d5ES COLETIVAS DE TRABALHO<\/strong><\/p>\n\n\n\n<p><\/p>\n\n\n\n<p><a href=\"https:\/\/sagers.com.br\/wp-content\/uploads\/2025\/10\/CONVENCAO-COLETIVA-DE-TRABALHO-2011-2013.pdf\" target=\"_blank\" rel=\"noreferrer noopener\">CONVEN\u00c7\u00c3O COLETIVA 2011-2013<\/a><\/p>\n\n\n\n<p><a href=\"https:\/\/sagers.com.br\/wp-content\/uploads\/2025\/10\/CONVENCAO-COLETIVA-DE-TRABALHO-2013-2014.pdf\" target=\"_blank\" rel=\"noreferrer noopener\">CONVEN\u00c7\u00c3O COLETIVA 2013-2014<\/a><\/p>\n\n\n\n<p><a href=\"https:\/\/sagers.com.br\/wp-content\/uploads\/2025\/10\/CONVENCAO-COLETIVA-DE-TRABALHO-2014-2016.pdf\" target=\"_blank\" rel=\"noreferrer noopener\">CONVEN\u00c7\u00c3O COLETIVA 2014-2016<\/a><\/p>\n\n\n\n<p><a href=\"https:\/\/sagers.com.br\/wp-content\/uploads\/2025\/10\/CONVENCAO-COLETIVA-DE-TRABALHO-2016-2017.pdf\" target=\"_blank\" rel=\"noreferrer noopener\">CONVEN\u00c7\u00c3O COLETIVA 2016-2017<\/a><\/p>\n\n\n\n<p><\/p>\n\n\n\n<p><\/p>\n\n\n\n<p><\/p>\n\n\n\n<p><\/p>\n\n\n\n<p><\/p>\n\n\n<div class=\"wp-block-image\">\n<figure class=\"aligncenter size-large is-resized\"><img loading=\"lazy\" decoding=\"async\" width=\"1024\" height=\"512\" src=\"https:\/\/sagers.com.br\/wp-content\/uploads\/2025\/10\/Empregada-de-armazem-2-1024x512.jpg\" alt=\"\" class=\"wp-image-275\" style=\"width:531px;height:auto\" srcset=\"https:\/\/sagers.com.br\/wp-content\/uploads\/2025\/10\/Empregada-de-armazem-2-1024x512.jpg 1024w, https:\/\/sagers.com.br\/wp-content\/uploads\/2025\/10\/Empregada-de-armazem-2-300x150.jpg 300w, https:\/\/sagers.com.br\/wp-content\/uploads\/2025\/10\/Empregada-de-armazem-2-768x384.jpg 768w, https:\/\/sagers.com.br\/wp-content\/uploads\/2025\/10\/Empregada-de-armazem-2-1536x768.jpg 1536w, https:\/\/sagers.com.br\/wp-content\/uploads\/2025\/10\/Empregada-de-armazem-2.jpg 2048w\" sizes=\"auto, (max-width: 1024px) 100vw, 1024px\" \/><\/figure>\n<\/div>\n\n\n<p><\/p>\n","protected":false},"excerpt":{"rendered":"<p>Veja aqui as CONVEN\u00c7\u00d5ES COLETIVAS DE TRABALHO CONVEN\u00c7\u00c3O COLETIVA 2011-2013 CONVEN\u00c7\u00c3O COLETIVA 2013-2014 CONVEN\u00c7\u00c3O COLETIVA 2014-2016 CONVEN\u00c7\u00c3O COLETIVA 2016-2017<\/p>\n","protected":false},"author":1,"featured_media":0,"parent":0,"menu_order":0,"comment_status":"closed","ping_status":"closed","template":"","meta":{"footnotes":""},"class_list":["post-51","page","type-page","status-publish","hentry"],"_links":{"self":[{"href":"https:\/\/sagers.com.br\/index.php\/wp-json\/wp\/v2\/pages\/51","targetHints":{"allow":["GET"]}}],"collection":[{"href":"https:\/\/sagers.com.br\/index.php\/wp-json\/wp\/v2\/pages"}],"about":[{"href":"https:\/\/sagers.com.br\/index.php\/wp-json\/wp\/v2\/types\/page"}],"author":[{"embeddable":true,"href":"https:\/\/sagers.com.br\/index.php\/wp-json\/wp\/v2\/users\/1"}],"replies":[{"embeddable":true,"href":"https:\/\/sagers.com.br\/index.php\/wp-json\/wp\/v2\/comments?post=51"}],"version-history":[{"count":10,"href":"https:\/\/sagers.com.br\/index.php\/wp-json\/wp\/v2\/pages\/51\/revisions"}],"predecessor-version":[{"id":278,"href":"https:\/\/sagers.com.br\/index.php\/wp-json\/wp\/v2\/pages\/51\/revisions\/278"}],"wp:attachment":[{"href":"https:\/\/sagers.com.br\/index.php\/wp-json\/wp\/v2\/media?parent=51"}],"curies":[{"name":"wp","href":"https:\/\/api.w.org\/{rel}","templated":true}]}}